{"id":1507,"date":"2025-06-09T15:00:36","date_gmt":"2025-06-09T13:00:36","guid":{"rendered":"https:\/\/hotelkali.hr\/?page_id=1507"},"modified":"2026-02-17T13:20:06","modified_gmt":"2026-02-17T12:20:06","slug":"terms-and-conditions","status":"publish","type":"page","link":"https:\/\/hotelkali.hr\/hr\/uvjeti-koristenja\/","title":{"rendered":"Uvjeti kori\u0161tenja"},"content":{"rendered":"\t\t<div data-elementor-type=\"wp-page\" data-elementor-id=\"1507\" class=\"elementor elementor-1507\" data-elementor-post-type=\"page\">\n\t\t\t\t<div class=\"elementor-element elementor-element-900c0e9 e-flex e-con-boxed e-con e-parent\" data-id=\"900c0e9\" data-element_type=\"container\" data-e-type=\"container\">\n\t\t\t\t\t<div class=\"e-con-inner\">\n\t\t<div class=\"elementor-element elementor-element-5ad8586 e-flex e-con-boxed e-con e-child\" data-id=\"5ad8586\" data-element_type=\"container\" data-e-type=\"container\">\n\t\t\t\t\t<div class=\"e-con-inner\">\n\t\t\t\t<div class=\"elementor-element elementor-element-f13bba7 elementor-widget elementor-widget-heading\" data-id=\"f13bba7\" data-element_type=\"widget\" data-e-type=\"widget\" data-widget_type=\"heading.default\">\n\t\t\t\t<div class=\"elementor-widget-container\">\n\t\t\t\t\t<h1 class=\"elementor-heading-title elementor-size-default\">Uvjeti kori\u0161tenja web stranice<\/h1>\t\t\t\t<\/div>\n\t\t\t\t<\/div>\n\t\t\t\t\t<\/div>\n\t\t\t\t<\/div>\n\t\t\t\t\t<\/div>\n\t\t\t\t<\/div>\n\t\t<div class=\"elementor-element elementor-element-78a7217 e-flex e-con-boxed e-con e-parent\" data-id=\"78a7217\" data-element_type=\"container\" data-e-type=\"container\">\n\t\t\t\t\t<div class=\"e-con-inner\">\n\t\t<div class=\"elementor-element elementor-element-7db5e7a e-flex e-con-boxed e-con e-child\" data-id=\"7db5e7a\" data-element_type=\"container\" data-e-type=\"container\">\n\t\t\t\t\t<div class=\"e-con-inner\">\n\t\t\t\t<div class=\"elementor-element elementor-element-0b171a4 elementor-widget elementor-widget-text-editor\" data-id=\"0b171a4\" data-element_type=\"widget\" data-e-type=\"widget\" data-widget_type=\"text-editor.default\">\n\t\t\t\t<div class=\"elementor-widget-container\">\n\t\t\t\t\t\t\t\t\t<ol><li style=\"list-style-type: none;\"><ol><li><h2>1. Uvod<\/h2><p>Posjetom web stranice na adresi http:\/\/www.hotelkali.hr (u daljnjem tekstu \u201eWeb stranica\u201c) pristajete na uvjete kori\u0161tenja definirane u ovom dokumentu, kao i sve va\u017ee\u0107e zakone i propise. Ako se ne sla\u017eete s bilo kojim od uvjeta, zabranjeno vam je kori\u0161tenje ili pristup Web stranici.<\/p><\/li><li><h2>2. Uvjeti kori\u0161tenja web stranice<\/h2><p>Sav sadr\u017eaj prikazan ili prona\u0111en na Web stranici, uklju\u010duju\u0107i, ali ne ograni\u010davaju\u0107i se na objavljeni tekst, grafiku, ilustracije, fotografije, audiovizualna djela, zvuk, dokumente, podatke i informacije (u daljnjem tekstu \u201eSadr\u017eaj\u201c), za\u0161ti\u0107en je odredbama Zakona o autorskim i srodnim pravima, Zakona o \u017eigu, Kaznenog zakona i drugih va\u017ee\u0107ih propisa. Kori\u0161tenje Sadr\u017eaja Web stranice dopu\u0161teno je isklju\u010divo za osobne potrebe koje nemaju izravno ili neizravno komercijalno zna\u010denje i nisu namijenjene javnoj komunikaciji, po\u0161tuju\u0107i prava intelektualnog vlasni\u0161tva, u skladu s va\u017ee\u0107im propisima i ovim Uvjetima. Dozvola za kori\u0161tenje Sadr\u017eaja za osobne potrebe ne podrazumijeva prijenos vlasni\u0161tva nad Sadr\u017eajem, ve\u0107 isklju\u010divo dozvolu za kori\u0161tenje.<\/p><\/li><li><h2>3. Odricanje od odgovornosti<\/h2><p>Kalitera d.o.o. u potpunosti se odri\u010de svake odgovornosti za bilo kakve radnje korisnika vezane uz kori\u0161tenje i\/ili neovla\u0161teno kori\u0161tenje Sadr\u017eaja Web stranice te za bilo kakvu \u0161tetu koja mo\u017ee nastati korisniku Web stranice i\/ili bilo kojoj tre\u0107oj strani vezanoj uz kori\u0161tenje ili zlouporabu sadr\u017eaja ovih web stranica.<\/p><\/li><li><h2>4. To\u010dnost materijala<\/h2><p>Materijali na Web stranici mogu sadr\u017eavati tehni\u010dke, tipografske ili fotografske pogre\u0161ke. Kalitera d.o.o. ne jam\u010di da su svi materijali na njezinoj web stranici to\u010dni, potpuni ili a\u017eurni. Kalitera d.o.o.. mo\u017ee promijeniti materijale i\/ili sadr\u017eaj na svojoj web stranici u bilo kojem trenutku i bez prethodne najave. Radi izbjegavanja sumnje, Kalitera d.o.o. nije obvezna a\u017eurirati Sadr\u017eaj objavljen na Web stranici.<\/p><\/li><li><h2>5. Poveznice na druge web stranice<\/h2><p>Kalitera d.o.o. nije pregledala sve internetske stranice povezane s Web stranicom i nije odgovorna za sadr\u017eaj bilo koje povezane web stranice. Uklju\u010divanje poveznice na http:\/\/www.hotelkali.hr s bilo koje poveznice tre\u0107ih strana ne podrazumijeva odobrenje Kaliterinih stranica. Kori\u0161tenje takvih povezanih web stranica je na vlastitu odgovornost.<\/p><\/li><li><h2>6. Uvjeti rezervacije<\/h2><p><strong>HOTEL KALI<\/strong><br \/>Ul. Sv. Lovre 82, 23273 Kali, Hrvatska<br \/>Kalitera d.o.o., MB: 05616310<br \/><br \/><\/p><p>Upiti i rezervacije zaprimaju se putem na\u0161ih web stranica (rentl.io sustav za rezervacije ili e-mailom), telefonski ili osobno na recepciji hotela.<br \/><br \/><\/p><p>Kako bi rezervacija bila va\u017ee\u0107a, korisnik je du\u017ean izvr\u0161iti avansnu uplatu u minimalnom iznosu od 30% ukupnog iznosa smje\u0161taja ili u iznosu dogovorenom s odjelom prodaje hotela. Rezervacija postaje va\u017ee\u0107a od dana kada je avansna uplata ili rezervacijska pristojba evidentirana te se \u010duva do 24:00 sata na dan dolaska u hotel.<br \/><br \/><\/p><p>Avansne uplate mogu\u0107e je izvr\u0161iti ONLINE\/KREDITNIM KARTICAMA ili osobno na recepciji hotela.<br \/><br \/><\/p><p>Zavr\u0161ni ra\u010dun podmiruje se na recepciji hotela prije odlaska.<br \/><br \/><\/p><p>Nazna\u010dene cijene su informativnog karaktera, a hotel zadr\u017eava pravo na izmjene. Promjena rezervacije mogu\u0107a je isklju\u010divo u pisanom obliku.<br \/><br \/><\/p><p>Za dodatne informacije, hotel Vam stoji na raspolaganju:<br \/>telefon: +385 99 222 8885, e-mail: <a class=\"cursor-pointer\" rel=\"noopener\">info@hotelkali.hr<\/a><\/p><\/li><li><h2>7. Uvjeti otkazivanja<\/h2><p><strong>Uvjeti otkazivanja:<\/strong> Rezervaciju mo\u017eete otkazati bez naknade do 14 dana prije dolaska. U slu\u010daju otkazivanja nakon toga, napla\u0107uje se puni iznos smje\u0161taja.<br \/><br \/><\/p><p><strong>Uvjeti naplate:<\/strong> 30% ukupnog iznosa napla\u0107uje se odmah po potvrdi rezervacije. Preostalih 70% napla\u0107uje se tijekom boravka.<br \/><br \/><\/p><p><strong>Nedolazak (no-show):<\/strong> U slu\u010daju nedolaska, napla\u0107uje se puni iznos smje\u0161taja.<br \/><br \/><\/p><p><strong>Boravi\u0161na pristojba<\/strong> nije uklju\u010dena u ukupnu cijenu i pla\u0107a se na licu mjesta, u objektu.<br \/><br \/><\/p><p><strong>PDV na smje\u0161taj (13%)<\/strong> uklju\u010den je u cijenu.<br \/><br \/><\/p><p><strong>PDV na dodatne usluge<\/strong> uklju\u010den je u cijenu.<\/p><\/li><li><h2>8. Promjene<\/h2><p>Kalitera d.o.o. mo\u017ee promijeniti ove uvjete kori\u0161tenja za svoju web stranicu bez prethodne najave i u bilo kojem trenutku. Kori\u0161tenjem ove web stranice pristajete na trenutnu verziju ovih uvjeta kori\u0161tenja. Promjene ovih Uvjeta kori\u0161tenja stupit \u0107e na snagu danom objave na web stranici.<\/p><\/li><li><h2>9. Mjerodavno pravo<\/h2><p>Ove odredbe i uvjeti ure\u0111uju se i tuma\u010de u skladu s hrvatskim zakonima i neopozivo podlije\u017eu isklju\u010divoj nadle\u017enosti sudova u toj zemlji ili mjestu.<\/p><\/li><\/ol><\/li><\/ol>\t\t\t\t\t\t\t\t<\/div>\n\t\t\t\t<\/div>\n\t\t\t\t\t<\/div>\n\t\t\t\t<\/div>\n\t\t\t\t\t<\/div>\n\t\t\t\t<\/div>\n\t\t\t\t<\/div>\n\t\t","protected":false},"excerpt":{"rendered":"<p>Terms &amp; Conditions 1. Introduction By visiting the website at http:\/\/www.hotelkali.hr (hereinafter referred to as the \u201cWebsite\u201d), you agree to the terms of use defined in this document, as well as all applicable laws and regulations. If you do not agree with any of the terms, you are prohibited from using or accessing the Website. [&hellip;]<\/p>\n","protected":false},"author":1,"featured_media":0,"parent":0,"menu_order":0,"comment_status":"closed","ping_status":"closed","template":"","meta":{"footnotes":""},"class_list":["post-1507","page","type-page","status-publish","hentry"],"yoast_head":"<!-- This site is optimized with the Yoast SEO plugin v26.9 - https:\/\/yoast.com\/product\/yoast-seo-wordpress\/ -->\n<title>Uvjeti kori\u0161tenja<\/title>\n<meta name=\"robots\" content=\"index, follow, max-snippet:-1, max-image-preview:large, max-video-preview:-1\" \/>\n<meta property=\"og:locale\" content=\"hr_HR\" \/>\n<meta property=\"og:type\" content=\"article\" \/>\n<meta property=\"og:title\" content=\"Uvjeti kori\u0161tenja\" \/>\n<meta property=\"og:url\" content=\"https:\/\/hotelkali.hr\/hr\/uvjeti-koristenja\/\" \/>\n<meta property=\"og:site_name\" content=\"Hotel Kali\" \/>\n<meta property=\"article:modified_time\" content=\"2026-02-17T12:20:06+00:00\" \/>\n<meta name=\"twitter:card\" content=\"summary_large_image\" \/>\n<meta name=\"twitter:label1\" content=\"Procijenjeno vrijeme \u010ditanja\" \/>\n\t<meta name=\"twitter:data1\" content=\"4 minute\" \/>\n<script type=\"application\/ld+json\" class=\"yoast-schema-graph\">{\"@context\":\"https:\/\/schema.org\",\"@graph\":[{\"@type\":\"WebPage\",\"@id\":\"https:\/\/hotelkali.hr\/hr\/uvjeti-koristenja\/\",\"url\":\"https:\/\/hotelkali.hr\/hr\/uvjeti-koristenja\/\",\"name\":\"Terms & Conditions &#8211; Hotel Kali\",\"isPartOf\":{\"@id\":\"https:\/\/hotelkali.hr\/#website\"},\"datePublished\":\"2025-06-09T13:00:36+00:00\",\"dateModified\":\"2026-02-17T12:20:06+00:00\",\"breadcrumb\":{\"@id\":\"https:\/\/hotelkali.hr\/hr\/uvjeti-koristenja\/#breadcrumb\"},\"inLanguage\":\"hr\",\"potentialAction\":[{\"@type\":\"ReadAction\",\"target\":[\"https:\/\/hotelkali.hr\/hr\/uvjeti-koristenja\/\"]}]},{\"@type\":\"BreadcrumbList\",\"@id\":\"https:\/\/hotelkali.hr\/hr\/uvjeti-koristenja\/#breadcrumb\",\"itemListElement\":[{\"@type\":\"ListItem\",\"position\":1,\"name\":\"Naslovna\",\"item\":\"https:\/\/hotelkali.hr\/\"},{\"@type\":\"ListItem\",\"position\":2,\"name\":\"Uvjeti kori\u0161tenja\"}]},{\"@type\":\"WebSite\",\"@id\":\"https:\/\/hotelkali.hr\/hr\/#website\",\"url\":\"https:\/\/hotelkali.hr\/hr\/\",\"name\":\"Hotel Kali\",\"description\":\"Tamo gdje more \u0161apu\u0107e,\\r\\na vrijeme usporava\",\"publisher\":{\"@id\":\"https:\/\/hotelkali.hr\/hr\/#organization\"},\"potentialAction\":[{\"@type\":\"SearchAction\",\"target\":{\"@type\":\"EntryPoint\",\"urlTemplate\":\"https:\/\/hotelkali.hr\/hr\/?s={search_term_string}\"},\"query-input\":{\"@type\":\"PropertyValueSpecification\",\"valueRequired\":true,\"valueName\":\"search_term_string\"}}],\"inLanguage\":\"hr\"},{\"@type\":\"Organization\",\"@id\":\"https:\/\/hotelkali.hr\/hr\/#organization\",\"name\":\"Hotel Kali\",\"url\":\"https:\/\/hotelkali.hr\/hr\/\",\"logo\":{\"@type\":\"ImageObject\",\"inLanguage\":\"hr\",\"@id\":\"https:\/\/hotelkali.hr\/hr\/#\/schema\/logo\/image\/\",\"url\":\"https:\/\/hotelkali.hr\/wp-content\/uploads\/2025\/05\/kali-logo-full-black.webp\",\"contentUrl\":\"https:\/\/hotelkali.hr\/wp-content\/uploads\/2025\/05\/kali-logo-full-black.webp\",\"width\":300,\"height\":309,\"caption\":\"Hotel Kali\"},\"image\":{\"@id\":\"https:\/\/hotelkali.hr\/hr\/#\/schema\/logo\/image\/\"},\"sameAs\":[\"https:\/\/www.instagram.com\/hotel_kali_ugljan\/\"]}]}<\/script>\n<!-- \/ Yoast SEO plugin. -->","yoast_head_json":{"title":"Uvjeti kori\u0161tenja","robots":{"index":"index","follow":"follow","max-snippet":"max-snippet:-1","max-image-preview":"max-image-preview:large","max-video-preview":"max-video-preview:-1"},"og_locale":"hr_HR","og_type":"article","og_title":"Uvjeti kori\u0161tenja","og_url":"https:\/\/hotelkali.hr\/hr\/uvjeti-koristenja\/","og_site_name":"Hotel Kali","article_modified_time":"2026-02-17T12:20:06+00:00","twitter_card":"summary_large_image","twitter_misc":{"Procijenjeno vrijeme \u010ditanja":"4 minute"},"schema":{"@context":"https:\/\/schema.org","@graph":[{"@type":"WebPage","@id":"https:\/\/hotelkali.hr\/hr\/uvjeti-koristenja\/","url":"https:\/\/hotelkali.hr\/hr\/uvjeti-koristenja\/","name":"Terms & Conditions &#8211; Hotel Kali","isPartOf":{"@id":"https:\/\/hotelkali.hr\/#website"},"datePublished":"2025-06-09T13:00:36+00:00","dateModified":"2026-02-17T12:20:06+00:00","breadcrumb":{"@id":"https:\/\/hotelkali.hr\/hr\/uvjeti-koristenja\/#breadcrumb"},"inLanguage":"hr","potentialAction":[{"@type":"ReadAction","target":["https:\/\/hotelkali.hr\/hr\/uvjeti-koristenja\/"]}]},{"@type":"BreadcrumbList","@id":"https:\/\/hotelkali.hr\/hr\/uvjeti-koristenja\/#breadcrumb","itemListElement":[{"@type":"ListItem","position":1,"name":"Naslovna","item":"https:\/\/hotelkali.hr\/"},{"@type":"ListItem","position":2,"name":"Uvjeti kori\u0161tenja"}]},{"@type":"WebSite","@id":"https:\/\/hotelkali.hr\/hr\/#website","url":"https:\/\/hotelkali.hr\/hr\/","name":"Hotel Kali","description":"Tamo gdje more \u0161apu\u0107e,\r\na vrijeme usporava","publisher":{"@id":"https:\/\/hotelkali.hr\/hr\/#organization"},"potentialAction":[{"@type":"SearchAction","target":{"@type":"EntryPoint","urlTemplate":"https:\/\/hotelkali.hr\/hr\/?s={search_term_string}"},"query-input":{"@type":"PropertyValueSpecification","valueRequired":true,"valueName":"search_term_string"}}],"inLanguage":"hr"},{"@type":"Organization","@id":"https:\/\/hotelkali.hr\/hr\/#organization","name":"Hotel Kali","url":"https:\/\/hotelkali.hr\/hr\/","logo":{"@type":"ImageObject","inLanguage":"hr","@id":"https:\/\/hotelkali.hr\/hr\/#\/schema\/logo\/image\/","url":"https:\/\/hotelkali.hr\/wp-content\/uploads\/2025\/05\/kali-logo-full-black.webp","contentUrl":"https:\/\/hotelkali.hr\/wp-content\/uploads\/2025\/05\/kali-logo-full-black.webp","width":300,"height":309,"caption":"Hotel Kali"},"image":{"@id":"https:\/\/hotelkali.hr\/hr\/#\/schema\/logo\/image\/"},"sameAs":["https:\/\/www.instagram.com\/hotel_kali_ugljan\/"]}]}},"_links":{"self":[{"href":"https:\/\/hotelkali.hr\/hr\/wp-json\/wp\/v2\/pages\/1507","targetHints":{"allow":["GET"]}}],"collection":[{"href":"https:\/\/hotelkali.hr\/hr\/wp-json\/wp\/v2\/pages"}],"about":[{"href":"https:\/\/hotelkali.hr\/hr\/wp-json\/wp\/v2\/types\/page"}],"author":[{"embeddable":true,"href":"https:\/\/hotelkali.hr\/hr\/wp-json\/wp\/v2\/users\/1"}],"replies":[{"embeddable":true,"href":"https:\/\/hotelkali.hr\/hr\/wp-json\/wp\/v2\/comments?post=1507"}],"version-history":[{"count":40,"href":"https:\/\/hotelkali.hr\/hr\/wp-json\/wp\/v2\/pages\/1507\/revisions"}],"predecessor-version":[{"id":2192,"href":"https:\/\/hotelkali.hr\/hr\/wp-json\/wp\/v2\/pages\/1507\/revisions\/2192"}],"wp:attachment":[{"href":"https:\/\/hotelkali.hr\/hr\/wp-json\/wp\/v2\/media?parent=1507"}],"curies":[{"name":"wp","href":"https:\/\/api.w.org\/{rel}","templated":true}]}}