{"id":297,"date":"2025-05-19T08:02:37","date_gmt":"2025-05-19T08:02:37","guid":{"rendered":"http:\/\/hotelkali.hr\/?page_id=297"},"modified":"2026-04-14T19:56:23","modified_gmt":"2026-04-14T17:56:23","slug":"about-us","status":"publish","type":"page","link":"https:\/\/hotelkali.hr\/hr\/o-nama\/","title":{"rendered":"O nama"},"content":{"rendered":"\t\t<div data-elementor-type=\"wp-page\" data-elementor-id=\"297\" class=\"elementor elementor-297\" data-elementor-post-type=\"page\">\n\t\t\t\t<div class=\"elementor-element elementor-element-638878a e-flex e-con-boxed e-con e-parent\" data-id=\"638878a\" data-element_type=\"container\" data-e-type=\"container\">\n\t\t\t\t\t<div class=\"e-con-inner\">\n\t\t<div class=\"elementor-element elementor-element-5824a22 e-con-full e-flex e-con e-child\" data-id=\"5824a22\" data-element_type=\"container\" data-e-type=\"container\">\n\t\t\t\t<div class=\"elementor-element elementor-element-823e469 elementor-widget elementor-widget-image\" data-id=\"823e469\" data-element_type=\"widget\" data-e-type=\"widget\" data-widget_type=\"image.default\">\n\t\t\t\t<div class=\"elementor-widget-container\">\n\t\t\t\t\t\t\t\t\t\t\t\t\t\t\t<img fetchpriority=\"high\" decoding=\"async\" width=\"800\" height=\"800\" src=\"https:\/\/hotelkali.hr\/wp-content\/uploads\/2026\/04\/IMG_7138-1-1024x1024.jpg\" class=\"attachment-large size-large wp-image-2219\" alt=\"\" srcset=\"https:\/\/hotelkali.hr\/wp-content\/uploads\/2026\/04\/IMG_7138-1-1024x1024.jpg 1024w, https:\/\/hotelkali.hr\/wp-content\/uploads\/2026\/04\/IMG_7138-1-300x300.jpg 300w, https:\/\/hotelkali.hr\/wp-content\/uploads\/2026\/04\/IMG_7138-1-150x150.jpg 150w, https:\/\/hotelkali.hr\/wp-content\/uploads\/2026\/04\/IMG_7138-1-768x768.jpg 768w, https:\/\/hotelkali.hr\/wp-content\/uploads\/2026\/04\/IMG_7138-1.jpg 1334w\" sizes=\"(max-width: 800px) 100vw, 800px\" \/>\t\t\t\t\t\t\t\t\t\t\t\t\t\t\t<\/div>\n\t\t\t\t<\/div>\n\t\t\t\t<\/div>\n\t\t<div class=\"elementor-element elementor-element-70644d7 e-con-full e-flex e-con e-child\" data-id=\"70644d7\" data-element_type=\"container\" data-e-type=\"container\">\n\t\t<div class=\"elementor-element elementor-element-e1d7a9b e-flex e-con-boxed e-con e-child\" data-id=\"e1d7a9b\" data-element_type=\"container\" data-e-type=\"container\">\n\t\t\t\t\t<div class=\"e-con-inner\">\n\t\t\t\t<div class=\"elementor-element elementor-element-9cdd6b4 elementor-widget elementor-widget-heading\" data-id=\"9cdd6b4\" data-element_type=\"widget\" data-e-type=\"widget\" data-widget_type=\"heading.default\">\n\t\t\t\t<div class=\"elementor-widget-container\">\n\t\t\t\t\t<h2 class=\"elementor-heading-title elementor-size-default\">O nama<\/h2>\t\t\t\t<\/div>\n\t\t\t\t<\/div>\n\t\t\t\t<div class=\"elementor-element elementor-element-b88110f elementor-widget elementor-widget-text-editor\" data-id=\"b88110f\" data-element_type=\"widget\" data-e-type=\"widget\" data-widget_type=\"text-editor.default\">\n\t\t\t\t<div class=\"elementor-widget-container\">\n\t\t\t\t\t\t\t\t\t<p class=\"p1\">Na obali koja pri\u010da pri\u010de generacija, gdje more miluje kamen, a povjetarac nosi mirise borova i soli, smjestilo se mjesto u kojem svaki trenutak postaje do\u017eivljaj.<\/p><p>\u00a0<\/p><p class=\"p1\">U samom srcu ribarskog naselja, uz crkvu sv. Lovre, stvoren je prostor koji spaja duh pro\u0161lih vremena i udobnost dana\u0161njice. Svaka soba pa\u017eljivo je osmi\u0161ljena kako bi pru\u017eila mir, udobnost i osje\u0107aj topline doma, dok prozori otkrivaju prizore koji ostavljaju bez daha \u2013 arhipelag, obrise dalekih planina te grad Zadar na horizontu.<\/p>\t\t\t\t\t\t\t\t<\/div>\n\t\t\t\t<\/div>\n\t\t\t\t\t<\/div>\n\t\t\t\t<\/div>\n\t\t\t\t<\/div>\n\t\t\t\t\t<\/div>\n\t\t\t\t<\/div>\n\t\t<div class=\"elementor-element elementor-element-af74810 e-flex e-con-boxed e-con e-parent\" data-id=\"af74810\" data-element_type=\"container\" data-e-type=\"container\">\n\t\t\t\t\t<div class=\"e-con-inner\">\n\t\t<div class=\"elementor-element elementor-element-7cb36d6 e-con-full e-flex e-con e-child\" data-id=\"7cb36d6\" data-element_type=\"container\" data-e-type=\"container\">\n\t\t<div class=\"elementor-element elementor-element-9085214 e-flex e-con-boxed e-con e-child\" data-id=\"9085214\" data-element_type=\"container\" data-e-type=\"container\">\n\t\t\t\t\t<div class=\"e-con-inner\">\n\t\t\t\t<div class=\"elementor-element elementor-element-21c9a39 elementor-widget elementor-widget-heading\" data-id=\"21c9a39\" data-element_type=\"widget\" data-e-type=\"widget\" data-widget_type=\"heading.default\">\n\t\t\t\t<div class=\"elementor-widget-container\">\n\t\t\t\t\t<h2 class=\"elementor-heading-title elementor-size-default\">Na\u0161a misija &amp; vizija<\/h2>\t\t\t\t<\/div>\n\t\t\t\t<\/div>\n\t\t\t\t<div class=\"elementor-element elementor-element-96a7ae4 elementor-widget elementor-widget-text-editor\" data-id=\"96a7ae4\" data-element_type=\"widget\" data-e-type=\"widget\" data-widget_type=\"text-editor.default\">\n\t\t\t\t<div class=\"elementor-widget-container\">\n\t\t\t\t\t\t\t\t\t<p class=\"p1\">Ovdje je svaki detalj promi\u0161ljen \u2013 od dodira prirodnih materijala koji stvaraju osje\u0107aj topline, do osvjetljenja koje uve\u010der stvara atmosferu intime i sklada. Prostor je dizajniran da ne dominira, ve\u0107 da se skladno uklapa u ritam mjesta kojem pripada, pru\u017eaju\u0107i uto\u010di\u0161te onima koji tra\u017ee vi\u0161e od obi\u010dnog odmora.<\/p><p class=\"p1\">Hotel Kali nije samo mjesto boravka. To je do\u017eivljaj koji ostaje u vama, trenutak u kojem se vrijeme usporava, prostor u kojem se pro\u0161lost i budu\u0107nost spajaju u savr\u0161enom sada\u0161njem trenutku.<\/p>\t\t\t\t\t\t\t\t<\/div>\n\t\t\t\t<\/div>\n\t\t\t\t\t<\/div>\n\t\t\t\t<\/div>\n\t\t\t\t<\/div>\n\t\t<div class=\"elementor-element elementor-element-8755653 e-con-full e-flex e-con e-child\" data-id=\"8755653\" data-element_type=\"container\" data-e-type=\"container\">\n\t\t\t\t<div class=\"elementor-element elementor-element-486550c elementor-widget elementor-widget-image\" data-id=\"486550c\" data-element_type=\"widget\" data-e-type=\"widget\" data-widget_type=\"image.default\">\n\t\t\t\t<div class=\"elementor-widget-container\">\n\t\t\t\t\t\t\t\t\t\t\t\t\t\t\t<img decoding=\"async\" width=\"800\" height=\"1000\" src=\"https:\/\/hotelkali.hr\/wp-content\/uploads\/2026\/02\/IMG_7154-1-819x1024.png\" class=\"attachment-large size-large wp-image-2109\" alt=\"\" srcset=\"https:\/\/hotelkali.hr\/wp-content\/uploads\/2026\/02\/IMG_7154-1-819x1024.png 819w, https:\/\/hotelkali.hr\/wp-content\/uploads\/2026\/02\/IMG_7154-1-240x300.png 240w, https:\/\/hotelkali.hr\/wp-content\/uploads\/2026\/02\/IMG_7154-1-768x960.png 768w, https:\/\/hotelkali.hr\/wp-content\/uploads\/2026\/02\/IMG_7154-1-1229x1536.png 1229w, https:\/\/hotelkali.hr\/wp-content\/uploads\/2026\/02\/IMG_7154-1-1638x2048.png 1638w, https:\/\/hotelkali.hr\/wp-content\/uploads\/2026\/02\/IMG_7154-1.png 2000w\" sizes=\"(max-width: 800px) 100vw, 800px\" \/>\t\t\t\t\t\t\t\t\t\t\t\t\t\t\t<\/div>\n\t\t\t\t<\/div>\n\t\t\t\t<\/div>\n\t\t\t\t\t<\/div>\n\t\t\t\t<\/div>\n\t\t<div class=\"elementor-element elementor-element-9bc2560 e-flex e-con-boxed e-con e-parent\" data-id=\"9bc2560\" data-element_type=\"container\" data-e-type=\"container\">\n\t\t\t\t\t<div class=\"e-con-inner\">\n\t\t<div class=\"elementor-element elementor-element-5815b2f e-flex e-con-boxed e-con e-child\" data-id=\"5815b2f\" data-element_type=\"container\" data-e-type=\"container\">\n\t\t\t\t\t<div class=\"e-con-inner\">\n\t\t\t\t<div class=\"elementor-element elementor-element-83a4c50 elementor-widget elementor-widget-heading\" data-id=\"83a4c50\" data-element_type=\"widget\" data-e-type=\"widget\" data-widget_type=\"heading.default\">\n\t\t\t\t<div class=\"elementor-widget-container\">\n\t\t\t\t\t<h2 class=\"elementor-heading-title elementor-size-default\">Na\u0161 restoran<\/h2>\t\t\t\t<\/div>\n\t\t\t\t<\/div>\n\t\t\t\t\t<\/div>\n\t\t\t\t<\/div>\n\t\t<div class=\"elementor-element elementor-element-587b5f9 e-con-full e-flex e-con e-child\" data-id=\"587b5f9\" data-element_type=\"container\" data-e-type=\"container\">\n\t\t<div class=\"elementor-element elementor-element-4c0cc0a e-con-full mobile-gallery e-flex e-con e-child\" data-id=\"4c0cc0a\" data-element_type=\"container\" data-e-type=\"container\">\n\t\t\t\t<div class=\"elementor-element elementor-element-eb35301 elementor-widget elementor-widget-image\" data-id=\"eb35301\" data-element_type=\"widget\" data-e-type=\"widget\" data-widget_type=\"image.default\">\n\t\t\t\t<div class=\"elementor-widget-container\">\n\t\t\t\t\t\t\t\t\t\t\t\t\t\t\t<img decoding=\"async\" width=\"800\" height=\"509\" src=\"https:\/\/hotelkali.hr\/wp-content\/uploads\/2026\/04\/na-restoranu-1024x652.jpg\" class=\"attachment-large size-large wp-image-2207\" alt=\"\" srcset=\"https:\/\/hotelkali.hr\/wp-content\/uploads\/2026\/04\/na-restoranu-1024x652.jpg 1024w, https:\/\/hotelkali.hr\/wp-content\/uploads\/2026\/04\/na-restoranu-300x191.jpg 300w, https:\/\/hotelkali.hr\/wp-content\/uploads\/2026\/04\/na-restoranu-768x489.jpg 768w, https:\/\/hotelkali.hr\/wp-content\/uploads\/2026\/04\/na-restoranu-1536x978.jpg 1536w, https:\/\/hotelkali.hr\/wp-content\/uploads\/2026\/04\/na-restoranu.jpg 2048w\" sizes=\"(max-width: 800px) 100vw, 800px\" \/>\t\t\t\t\t\t\t\t\t\t\t\t\t\t\t<\/div>\n\t\t\t\t<\/div>\n\t\t<div class=\"elementor-element elementor-element-151b6d1 e-con-full e-flex e-con e-child\" data-id=\"151b6d1\" data-element_type=\"container\" data-e-type=\"container\">\n\t\t\t\t<div class=\"elementor-element elementor-element-085b27c elementor-widget elementor-widget-image\" data-id=\"085b27c\" data-element_type=\"widget\" data-e-type=\"widget\" data-widget_type=\"image.default\">\n\t\t\t\t<div class=\"elementor-widget-container\">\n\t\t\t\t\t\t\t\t\t\t\t\t\t\t\t<img loading=\"lazy\" decoding=\"async\" width=\"800\" height=\"552\" src=\"https:\/\/hotelkali.hr\/wp-content\/uploads\/2026\/04\/park-1024x706.jpg\" class=\"attachment-large size-large wp-image-2209\" alt=\"\" srcset=\"https:\/\/hotelkali.hr\/wp-content\/uploads\/2026\/04\/park-1024x706.jpg 1024w, https:\/\/hotelkali.hr\/wp-content\/uploads\/2026\/04\/park-300x207.jpg 300w, https:\/\/hotelkali.hr\/wp-content\/uploads\/2026\/04\/park-768x530.jpg 768w, https:\/\/hotelkali.hr\/wp-content\/uploads\/2026\/04\/park-1536x1059.jpg 1536w, https:\/\/hotelkali.hr\/wp-content\/uploads\/2026\/04\/park.jpg 2048w\" sizes=\"(max-width: 800px) 100vw, 800px\" \/>\t\t\t\t\t\t\t\t\t\t\t\t\t\t\t<\/div>\n\t\t\t\t<\/div>\n\t\t\t\t<\/div>\n\t\t<div class=\"elementor-element elementor-element-516534b e-con-full e-flex e-con e-child\" data-id=\"516534b\" data-element_type=\"container\" data-e-type=\"container\">\n\t\t\t\t<div class=\"elementor-element elementor-element-5172573 elementor-widget elementor-widget-image\" data-id=\"5172573\" data-element_type=\"widget\" data-e-type=\"widget\" data-widget_type=\"image.default\">\n\t\t\t\t<div class=\"elementor-widget-container\">\n\t\t\t\t\t\t\t\t\t\t\t\t\t\t\t<img loading=\"lazy\" decoding=\"async\" width=\"800\" height=\"491\" src=\"https:\/\/hotelkali.hr\/wp-content\/uploads\/2026\/04\/restoran-za-web-1024x629.jpg\" class=\"attachment-large size-large wp-image-2208\" alt=\"\" srcset=\"https:\/\/hotelkali.hr\/wp-content\/uploads\/2026\/04\/restoran-za-web-1024x629.jpg 1024w, https:\/\/hotelkali.hr\/wp-content\/uploads\/2026\/04\/restoran-za-web-300x184.jpg 300w, https:\/\/hotelkali.hr\/wp-content\/uploads\/2026\/04\/restoran-za-web-768x472.jpg 768w, https:\/\/hotelkali.hr\/wp-content\/uploads\/2026\/04\/restoran-za-web.jpg 1530w\" sizes=\"(max-width: 800px) 100vw, 800px\" \/>\t\t\t\t\t\t\t\t\t\t\t\t\t\t\t<\/div>\n\t\t\t\t<\/div>\n\t\t\t\t<\/div>\n\t\t\t\t<\/div>\n\t\t\t\t<\/div>\n\t\t<div class=\"elementor-element elementor-element-3e2f497 e-flex e-con-boxed e-con e-child\" data-id=\"3e2f497\" data-element_type=\"container\" data-e-type=\"container\">\n\t\t\t\t\t<div class=\"e-con-inner\">\n\t\t\t\t<div class=\"elementor-element elementor-element-c7696e4 elementor-widget elementor-widget-text-editor\" data-id=\"c7696e4\" data-element_type=\"widget\" data-e-type=\"widget\" data-widget_type=\"text-editor.default\">\n\t\t\t\t<div class=\"elementor-widget-container\">\n\t\t\t\t\t\t\t\t\t<p class=\"p1\">Restoran hotela poziv je na u\u017eivanje u okusima Mediterana, gdje svaki sastojak ima svoju pri\u010du, a svaki tanjur odra\u017eava bogatstvo lokalne tradicije. U kuhinji, vo\u0111enoj stra\u0161\u0107u i predano\u0161\u0107u, kreiraju se jela koja su istovremeno jednostavna i izvanredna, ba\u0161 poput krajolika koji ih nadahnjuje.<\/p>\t\t\t\t\t\t\t\t<\/div>\n\t\t\t\t<\/div>\n\t\t\t\t\t<\/div>\n\t\t\t\t<\/div>\n\t\t\t\t\t<\/div>\n\t\t\t\t<\/div>\n\t\t\t\t<\/div>\n\t\t","protected":false},"excerpt":{"rendered":"<p>Our Story Hotel Kali is located on a site that has been at the centre of community life for over a century: filled with food, music, and shared celebration. Hotel Kali continues the story, blending contemporary design with a spirited homage to its past into the first professionally run hospitality establishment in Kali. \u00a0 Our [&hellip;]<\/p>\n","protected":false},"author":1,"featured_media":0,"parent":0,"menu_order":0,"comment_status":"closed","ping_status":"closed","template":"","meta":{"footnotes":""},"class_list":["post-297","page","type-page","status-publish","hentry"],"yoast_head":"<!-- This site is optimized with the Yoast SEO plugin v26.9 - https:\/\/yoast.com\/product\/yoast-seo-wordpress\/ -->\n<title>O nama<\/title>\n<meta name=\"robots\" content=\"index, follow, max-snippet:-1, max-image-preview:large, max-video-preview:-1\" \/>\n<meta property=\"og:locale\" content=\"hr_HR\" \/>\n<meta property=\"og:type\" content=\"article\" \/>\n<meta property=\"og:title\" content=\"O nama\" \/>\n<meta property=\"og:url\" content=\"https:\/\/hotelkali.hr\/hr\/o-nama\/\" \/>\n<meta property=\"og:site_name\" content=\"Hotel Kali\" \/>\n<meta property=\"article:modified_time\" content=\"2026-04-14T17:56:23+00:00\" \/>\n<meta property=\"og:image\" content=\"https:\/\/hotelkali.hr\/wp-content\/uploads\/2026\/04\/IMG_7138-1.jpg\" \/>\n\t<meta property=\"og:image:width\" content=\"1334\" \/>\n\t<meta property=\"og:image:height\" content=\"1334\" \/>\n\t<meta property=\"og:image:type\" content=\"image\/jpeg\" \/>\n<meta name=\"twitter:card\" content=\"summary_large_image\" \/>\n<meta name=\"twitter:label1\" content=\"Procijenjeno vrijeme \u010ditanja\" \/>\n\t<meta name=\"twitter:data1\" content=\"3 minute\" \/>\n<script type=\"application\/ld+json\" class=\"yoast-schema-graph\">{\"@context\":\"https:\/\/schema.org\",\"@graph\":[{\"@type\":\"WebPage\",\"@id\":\"https:\/\/hotelkali.hr\/hr\/o-nama\/\",\"url\":\"https:\/\/hotelkali.hr\/hr\/o-nama\/\",\"name\":\"About Us &#8211; Hotel Kali\",\"isPartOf\":{\"@id\":\"https:\/\/hotelkali.hr\/#website\"},\"primaryImageOfPage\":{\"@id\":\"https:\/\/hotelkali.hr\/hr\/o-nama\/#primaryimage\"},\"image\":{\"@id\":\"https:\/\/hotelkali.hr\/hr\/o-nama\/#primaryimage\"},\"thumbnailUrl\":\"https:\/\/hotelkali.hr\/wp-content\/uploads\/2026\/04\/IMG_7138-1-1024x1024.jpg\",\"datePublished\":\"2025-05-19T08:02:37+00:00\",\"dateModified\":\"2026-04-14T17:56:23+00:00\",\"description\":\"Hotel Kali is not just a place to stay, it\u2019s an experience that stays with you, a moment where time slows down in the perfect present moment.\",\"breadcrumb\":{\"@id\":\"https:\/\/hotelkali.hr\/hr\/o-nama\/#breadcrumb\"},\"inLanguage\":\"hr\",\"potentialAction\":[{\"@type\":\"ReadAction\",\"target\":[\"https:\/\/hotelkali.hr\/hr\/o-nama\/\"]}]},{\"@type\":\"ImageObject\",\"inLanguage\":\"hr\",\"@id\":\"https:\/\/hotelkali.hr\/hr\/o-nama\/#primaryimage\",\"url\":\"https:\/\/hotelkali.hr\/wp-content\/uploads\/2026\/04\/IMG_7138-1-1024x1024.jpg\",\"contentUrl\":\"https:\/\/hotelkali.hr\/wp-content\/uploads\/2026\/04\/IMG_7138-1-1024x1024.jpg\"},{\"@type\":\"BreadcrumbList\",\"@id\":\"https:\/\/hotelkali.hr\/hr\/o-nama\/#breadcrumb\",\"itemListElement\":[{\"@type\":\"ListItem\",\"position\":1,\"name\":\"Naslovna\",\"item\":\"https:\/\/hotelkali.hr\/\"},{\"@type\":\"ListItem\",\"position\":2,\"name\":\"O nama\"}]},{\"@type\":\"WebSite\",\"@id\":\"https:\/\/hotelkali.hr\/hr\/#website\",\"url\":\"https:\/\/hotelkali.hr\/hr\/\",\"name\":\"Hotel Kali\",\"description\":\"Tamo gdje more \u0161apu\u0107e,\\r\\na vrijeme usporava\",\"publisher\":{\"@id\":\"https:\/\/hotelkali.hr\/hr\/#organization\"},\"potentialAction\":[{\"@type\":\"SearchAction\",\"target\":{\"@type\":\"EntryPoint\",\"urlTemplate\":\"https:\/\/hotelkali.hr\/hr\/?s={search_term_string}\"},\"query-input\":{\"@type\":\"PropertyValueSpecification\",\"valueRequired\":true,\"valueName\":\"search_term_string\"}}],\"inLanguage\":\"hr\"},{\"@type\":\"Organization\",\"@id\":\"https:\/\/hotelkali.hr\/hr\/#organization\",\"name\":\"Hotel Kali\",\"url\":\"https:\/\/hotelkali.hr\/hr\/\",\"logo\":{\"@type\":\"ImageObject\",\"inLanguage\":\"hr\",\"@id\":\"https:\/\/hotelkali.hr\/hr\/#\/schema\/logo\/image\/\",\"url\":\"https:\/\/hotelkali.hr\/wp-content\/uploads\/2025\/05\/kali-logo-full-black.webp\",\"contentUrl\":\"https:\/\/hotelkali.hr\/wp-content\/uploads\/2025\/05\/kali-logo-full-black.webp\",\"width\":300,\"height\":309,\"caption\":\"Hotel Kali\"},\"image\":{\"@id\":\"https:\/\/hotelkali.hr\/hr\/#\/schema\/logo\/image\/\"},\"sameAs\":[\"https:\/\/www.instagram.com\/hotel_kali_ugljan\/\"]}]}<\/script>\n<!-- \/ Yoast SEO plugin. -->","yoast_head_json":{"title":"O nama","robots":{"index":"index","follow":"follow","max-snippet":"max-snippet:-1","max-image-preview":"max-image-preview:large","max-video-preview":"max-video-preview:-1"},"og_locale":"hr_HR","og_type":"article","og_title":"O nama","og_url":"https:\/\/hotelkali.hr\/hr\/o-nama\/","og_site_name":"Hotel Kali","article_modified_time":"2026-04-14T17:56:23+00:00","og_image":[{"width":1334,"height":1334,"url":"https:\/\/hotelkali.hr\/wp-content\/uploads\/2026\/04\/IMG_7138-1.jpg","type":"image\/jpeg"}],"twitter_card":"summary_large_image","twitter_misc":{"Procijenjeno vrijeme \u010ditanja":"3 minute"},"schema":{"@context":"https:\/\/schema.org","@graph":[{"@type":"WebPage","@id":"https:\/\/hotelkali.hr\/hr\/o-nama\/","url":"https:\/\/hotelkali.hr\/hr\/o-nama\/","name":"About Us &#8211; Hotel Kali","isPartOf":{"@id":"https:\/\/hotelkali.hr\/#website"},"primaryImageOfPage":{"@id":"https:\/\/hotelkali.hr\/hr\/o-nama\/#primaryimage"},"image":{"@id":"https:\/\/hotelkali.hr\/hr\/o-nama\/#primaryimage"},"thumbnailUrl":"https:\/\/hotelkali.hr\/wp-content\/uploads\/2026\/04\/IMG_7138-1-1024x1024.jpg","datePublished":"2025-05-19T08:02:37+00:00","dateModified":"2026-04-14T17:56:23+00:00","description":"Hotel Kali is not just a place to stay, it\u2019s an experience that stays with you, a moment where time slows down in the perfect present moment.","breadcrumb":{"@id":"https:\/\/hotelkali.hr\/hr\/o-nama\/#breadcrumb"},"inLanguage":"hr","potentialAction":[{"@type":"ReadAction","target":["https:\/\/hotelkali.hr\/hr\/o-nama\/"]}]},{"@type":"ImageObject","inLanguage":"hr","@id":"https:\/\/hotelkali.hr\/hr\/o-nama\/#primaryimage","url":"https:\/\/hotelkali.hr\/wp-content\/uploads\/2026\/04\/IMG_7138-1-1024x1024.jpg","contentUrl":"https:\/\/hotelkali.hr\/wp-content\/uploads\/2026\/04\/IMG_7138-1-1024x1024.jpg"},{"@type":"BreadcrumbList","@id":"https:\/\/hotelkali.hr\/hr\/o-nama\/#breadcrumb","itemListElement":[{"@type":"ListItem","position":1,"name":"Naslovna","item":"https:\/\/hotelkali.hr\/"},{"@type":"ListItem","position":2,"name":"O nama"}]},{"@type":"WebSite","@id":"https:\/\/hotelkali.hr\/hr\/#website","url":"https:\/\/hotelkali.hr\/hr\/","name":"Hotel Kali","description":"Tamo gdje more \u0161apu\u0107e,\r\na vrijeme usporava","publisher":{"@id":"https:\/\/hotelkali.hr\/hr\/#organization"},"potentialAction":[{"@type":"SearchAction","target":{"@type":"EntryPoint","urlTemplate":"https:\/\/hotelkali.hr\/hr\/?s={search_term_string}"},"query-input":{"@type":"PropertyValueSpecification","valueRequired":true,"valueName":"search_term_string"}}],"inLanguage":"hr"},{"@type":"Organization","@id":"https:\/\/hotelkali.hr\/hr\/#organization","name":"Hotel Kali","url":"https:\/\/hotelkali.hr\/hr\/","logo":{"@type":"ImageObject","inLanguage":"hr","@id":"https:\/\/hotelkali.hr\/hr\/#\/schema\/logo\/image\/","url":"https:\/\/hotelkali.hr\/wp-content\/uploads\/2025\/05\/kali-logo-full-black.webp","contentUrl":"https:\/\/hotelkali.hr\/wp-content\/uploads\/2025\/05\/kali-logo-full-black.webp","width":300,"height":309,"caption":"Hotel Kali"},"image":{"@id":"https:\/\/hotelkali.hr\/hr\/#\/schema\/logo\/image\/"},"sameAs":["https:\/\/www.instagram.com\/hotel_kali_ugljan\/"]}]}},"_links":{"self":[{"href":"https:\/\/hotelkali.hr\/hr\/wp-json\/wp\/v2\/pages\/297","targetHints":{"allow":["GET"]}}],"collection":[{"href":"https:\/\/hotelkali.hr\/hr\/wp-json\/wp\/v2\/pages"}],"about":[{"href":"https:\/\/hotelkali.hr\/hr\/wp-json\/wp\/v2\/types\/page"}],"author":[{"embeddable":true,"href":"https:\/\/hotelkali.hr\/hr\/wp-json\/wp\/v2\/users\/1"}],"replies":[{"embeddable":true,"href":"https:\/\/hotelkali.hr\/hr\/wp-json\/wp\/v2\/comments?post=297"}],"version-history":[{"count":64,"href":"https:\/\/hotelkali.hr\/hr\/wp-json\/wp\/v2\/pages\/297\/revisions"}],"predecessor-version":[{"id":2239,"href":"https:\/\/hotelkali.hr\/hr\/wp-json\/wp\/v2\/pages\/297\/revisions\/2239"}],"wp:attachment":[{"href":"https:\/\/hotelkali.hr\/hr\/wp-json\/wp\/v2\/media?parent=297"}],"curies":[{"name":"wp","href":"https:\/\/api.w.org\/{rel}","templated":true}]}}