{"id":337,"date":"2025-05-19T09:04:05","date_gmt":"2025-05-19T09:04:05","guid":{"rendered":"http:\/\/hotelkali.hr\/?page_id=337"},"modified":"2026-02-13T16:39:16","modified_gmt":"2026-02-13T15:39:16","slug":"restaurant","status":"publish","type":"page","link":"https:\/\/hotelkali.hr\/hr\/restoran\/","title":{"rendered":"Restaurant & Bar"},"content":{"rendered":"\t\t<div data-elementor-type=\"wp-page\" data-elementor-id=\"337\" class=\"elementor elementor-337\" data-elementor-post-type=\"page\">\n\t\t\t\t<div class=\"elementor-element elementor-element-330fa30 e-flex e-con-boxed e-con e-parent\" data-id=\"330fa30\" data-element_type=\"container\" data-e-type=\"container\" data-settings=\"{&quot;background_background&quot;:&quot;classic&quot;}\">\n\t\t\t\t\t<div class=\"e-con-inner\">\n\t\t<header class=\"elementor-element elementor-element-2b16b55 e-con-full e-flex e-con e-child\" data-id=\"2b16b55\" data-element_type=\"container\" data-e-type=\"container\">\n\t\t\t\t<div class=\"elementor-element elementor-element-e8c901d menu-trigger elementor-widget elementor-widget-image\" data-id=\"e8c901d\" data-element_type=\"widget\" data-e-type=\"widget\" data-widget_type=\"image.default\">\n\t\t\t\t<div class=\"elementor-widget-container\">\n\t\t\t\t\t\t\t\t\t\t\t\t\t\t\t\t<a href=\"#elementor-action%3Aaction%3Dpopup%3Aopen%26settings%3DeyJpZCI6IjE4MyIsInRvZ2dsZSI6ZmFsc2V9\">\n\t\t\t\t\t\t\t<img decoding=\"async\" src=\"https:\/\/hotelkali.hr\/wp-content\/uploads\/2025\/05\/Hamburger.svg\" title=\"Menu\" alt=\"Menu\" loading=\"lazy\" \/>\t\t\t\t\t\t\t\t<\/a>\n\t\t\t\t\t\t\t\t\t\t\t\t\t\t\t<\/div>\n\t\t\t\t<\/div>\n\t\t\t\t<div class=\"elementor-element elementor-element-4f55ed1 elementor-widget elementor-widget-image\" data-id=\"4f55ed1\" data-element_type=\"widget\" data-e-type=\"widget\" data-widget_type=\"image.default\">\n\t\t\t\t<div class=\"elementor-widget-container\">\n\t\t\t\t\t\t\t\t\t\t\t\t\t\t\t\t<a href=\"https:\/\/hotelkali.hr\/hr\/\">\n\t\t\t\t\t\t\t<img decoding=\"async\" width=\"161\" height=\"165\" src=\"https:\/\/hotelkali.hr\/wp-content\/uploads\/2025\/06\/kali-logo-main-white.svg\" class=\"attachment-full size-full wp-image-1211\" alt=\"Hotel Kali Logo\" \/>\t\t\t\t\t\t\t\t<\/a>\n\t\t\t\t\t\t\t\t\t\t\t\t\t\t\t<\/div>\n\t\t\t\t<\/div>\n\t\t\t\t<div class=\"elementor-element elementor-element-ea0a789 elementor-widget__width-initial elementor-widget elementor-widget-spacer\" data-id=\"ea0a789\" data-element_type=\"widget\" data-e-type=\"widget\" data-widget_type=\"spacer.default\">\n\t\t\t\t<div class=\"elementor-widget-container\">\n\t\t\t\t\t\t\t<div class=\"elementor-spacer\">\n\t\t\t<div class=\"elementor-spacer-inner\"><\/div>\n\t\t<\/div>\n\t\t\t\t\t\t<\/div>\n\t\t\t\t<\/div>\n\t\t\t\t<\/header>\n\t\t<div class=\"elementor-element elementor-element-75be178 e-flex e-con-boxed e-con e-child\" data-id=\"75be178\" data-element_type=\"container\" data-e-type=\"container\">\n\t\t\t\t\t<div class=\"e-con-inner\">\n\t\t\t\t<div class=\"elementor-element elementor-element-5651629 elementor-widget elementor-widget-heading\" data-id=\"5651629\" data-element_type=\"widget\" data-e-type=\"widget\" data-widget_type=\"heading.default\">\n\t\t\t\t<div class=\"elementor-widget-container\">\n\t\t\t\t\t<h1 class=\"elementor-heading-title elementor-size-default\">RESTORAN &amp; BAR<\/h1>\t\t\t\t<\/div>\n\t\t\t\t<\/div>\n\t\t\t\t\t<\/div>\n\t\t\t\t<\/div>\n\t\t\t\t\t<\/div>\n\t\t\t\t<\/div>\n\t\t<div class=\"elementor-element elementor-element-0fe6c1f e-flex e-con-boxed e-con e-parent\" data-id=\"0fe6c1f\" data-element_type=\"container\" data-e-type=\"container\">\n\t\t\t\t\t<div class=\"e-con-inner\">\n\t\t<div class=\"elementor-element elementor-element-e9ecfdf e-con-full e-flex e-con e-child\" data-id=\"e9ecfdf\" data-element_type=\"container\" data-e-type=\"container\">\n\t\t\t\t<div class=\"elementor-element elementor-element-a29ac88 elementor-widget__width-initial elementor-widget elementor-widget-heading\" data-id=\"a29ac88\" data-element_type=\"widget\" data-e-type=\"widget\" data-widget_type=\"heading.default\">\n\t\t\t\t<div class=\"elementor-widget-container\">\n\t\t\t\t\t<h2 class=\"elementor-heading-title elementor-size-default\">Okusi jadrana poslu\u017eeni s ljubavlju<\/h2>\t\t\t\t<\/div>\n\t\t\t\t<\/div>\n\t\t\t\t<div class=\"elementor-element elementor-element-d384073 elementor-widget elementor-widget-text-editor\" data-id=\"d384073\" data-element_type=\"widget\" data-e-type=\"widget\" data-widget_type=\"text-editor.default\">\n\t\t\t\t<div class=\"elementor-widget-container\">\n\t\t\t\t\t\t\t\t\t<p>U sklopu Hotela Kali nalazi se novi restoran koji ne samo da vra\u0107a \u017eivot nekada\u0161njem kultnom mjestu okupljanja, ve\u0107 i sna\u017eno o\u017eivljava bogatu kulinarsku i kulturnu tradiciju mjesta. Smje\u0161ten to\u010dno nasuprot crkve \u2013 srcu mnogih najva\u017enijih trenutaka u \u017eivotima mje\u0161tana \u2013 restoran se s po\u0161tovanjem naslanja na povijest: upravo ovdje je svojedobno djelovao prvi restoran na otoku, legendaran po svadbama i sve\u010danostima koje su se dugo prepri\u010davale.<\/p><p>\u00a0<\/p><p>Kapaciteta do 150 gostiju u unutarnjem prostoru i 50 gostiju na terasi, restoran donosi Kalima mogu\u0107nost organizacije vjen\u010danja, ro\u0111endana, obljetnica, poslovnih okupljanja i sli\u010dnih posebnih doga\u0111anja, a s terase se pru\u017ea o\u010daravaju\u0107i pogled na zadarski kanal, koji \u010dini savr\u0161enu kulisu za sve vrste doga\u0111anja \u2013 od intimnih ru\u010dkova do velikih slavlja.<\/p><p>\u00a0<\/p><p>Mjesto Kali poznato je po svojoj sna\u017enoj ribarskoj tradiciji, a upravo se ta povezanost s morem i lokalnim na\u010dinom \u017eivota osjeti i u jelovniku. Jelovnik restorana temelji se na jednostavnosti, ali s jasnim identitetom utemeljenim u kaljskoj tradiciji. Posebno mjesto zauzimaju jela koja reinterpretiraju lokalna receptna naslje\u0111a \u2013 rustikalna, ali promi\u0161ljena, s naglaskom na odr\u017eivost i kori\u0161tenje svakog sastojka do kraja.<\/p><p>\u00a0<\/p><p>Mjesto okusa, susreta i naslije\u0111a \u2013 restoran u Hotelu Kali poziva vas da postanete dio nove, ali poznate pri\u010de.<\/p>\t\t\t\t\t\t\t\t<\/div>\n\t\t\t\t<\/div>\n\t\t\t\t<div class=\"elementor-element elementor-element-ddcea75 kali-link elementor-widget elementor-widget-heading\" data-id=\"ddcea75\" data-element_type=\"widget\" data-e-type=\"widget\" data-widget_type=\"heading.default\">\n\t\t\t\t<div class=\"elementor-widget-container\">\n\t\t\t\t\t<div class=\"elementor-heading-title elementor-size-default\"><a href=\"#elementor-action%3Aaction%3Dpopup%3Aopen%26settings%3DeyJpZCI6IjE0MDAiLCJ0b2dnbGUiOmZhbHNlfQ%3D%3D\">Rezervirajte stol<\/a><\/div>\t\t\t\t<\/div>\n\t\t\t\t<\/div>\n\t\t\t\t<\/div>\n\t\t\t\t\t<\/div>\n\t\t\t\t<\/div>\n\t\t<div class=\"elementor-element elementor-element-786830b e-flex e-con-boxed e-con e-parent\" data-id=\"786830b\" data-element_type=\"container\" data-e-type=\"container\">\n\t\t\t\t\t<div class=\"e-con-inner\">\n\t\t<div class=\"elementor-element elementor-element-a27b1d2 e-con-full e-flex e-con e-child\" data-id=\"a27b1d2\" data-element_type=\"container\" data-e-type=\"container\">\n\t\t\t\t<div class=\"elementor-element elementor-element-dbae860 elementor-widget elementor-widget-image\" data-id=\"dbae860\" data-element_type=\"widget\" data-e-type=\"widget\" data-widget_type=\"image.default\">\n\t\t\t\t<div class=\"elementor-widget-container\">\n\t\t\t\t\t\t\t\t\t\t\t\t\t\t\t<img fetchpriority=\"high\" decoding=\"async\" width=\"2000\" height=\"2500\" src=\"https:\/\/hotelkali.hr\/wp-content\/uploads\/2026\/02\/IMG_7126-1.png\" class=\"attachment-full size-full wp-image-2070\" alt=\"\" srcset=\"https:\/\/hotelkali.hr\/wp-content\/uploads\/2026\/02\/IMG_7126-1.png 2000w, https:\/\/hotelkali.hr\/wp-content\/uploads\/2026\/02\/IMG_7126-1-240x300.png 240w, https:\/\/hotelkali.hr\/wp-content\/uploads\/2026\/02\/IMG_7126-1-819x1024.png 819w, https:\/\/hotelkali.hr\/wp-content\/uploads\/2026\/02\/IMG_7126-1-768x960.png 768w, https:\/\/hotelkali.hr\/wp-content\/uploads\/2026\/02\/IMG_7126-1-1229x1536.png 1229w, https:\/\/hotelkali.hr\/wp-content\/uploads\/2026\/02\/IMG_7126-1-1638x2048.png 1638w\" sizes=\"(max-width: 2000px) 100vw, 2000px\" \/>\t\t\t\t\t\t\t\t\t\t\t\t\t\t\t<\/div>\n\t\t\t\t<\/div>\n\t\t\t\t<\/div>\n\t\t<div class=\"elementor-element elementor-element-982fadc e-con-full e-flex e-con e-child\" data-id=\"982fadc\" data-element_type=\"container\" data-e-type=\"container\">\n\t\t<div class=\"elementor-element elementor-element-0db0ba9 e-flex e-con-boxed e-con e-child\" data-id=\"0db0ba9\" data-element_type=\"container\" data-e-type=\"container\">\n\t\t\t\t\t<div class=\"e-con-inner\">\n\t\t\t\t<div class=\"elementor-element elementor-element-df4a149 elementor-widget elementor-widget-heading\" data-id=\"df4a149\" data-element_type=\"widget\" data-e-type=\"widget\" data-widget_type=\"heading.default\">\n\t\t\t\t<div class=\"elementor-widget-container\">\n\t\t\t\t\t<h2 class=\"elementor-heading-title elementor-size-default\">Mediteranski u\u017eitak<\/h2>\t\t\t\t<\/div>\n\t\t\t\t<\/div>\n\t\t\t\t<div class=\"elementor-element elementor-element-8b486cb elementor-widget elementor-widget-text-editor\" data-id=\"8b486cb\" data-element_type=\"widget\" data-e-type=\"widget\" data-widget_type=\"text-editor.default\">\n\t\t\t\t<div class=\"elementor-widget-container\">\n\t\t\t\t\t\t\t\t\t<p>Na\u0161u kuhinju vode kuhari koji po\u0161tuju tradiciju i nagla\u0161avaju svaki sastojak. Jelovnik se razvija sa godi\u0161njim dobima, nude\u0107i profinjen pristup klasi\u010dnim jadranskim jelima.<\/p><p>\u00a0<\/p><p>Jutra po\u010dinju pa\u017eljivo odabranim doru\u010dkom za na\u0161e goste, dok ve\u010deri otvaraju vrata javnosti za ve\u010deru uz zalazak sunca, svjetlost svije\u0107a i blagi morski povjetarac.<\/p>\t\t\t\t\t\t\t\t<\/div>\n\t\t\t\t<\/div>\n\t\t\t\t\t<\/div>\n\t\t\t\t<\/div>\n\t\t\t\t<\/div>\n\t\t\t\t\t<\/div>\n\t\t\t\t<\/div>\n\t\t<div class=\"elementor-element elementor-element-55162d8 e-flex e-con-boxed e-con e-parent\" data-id=\"55162d8\" data-element_type=\"container\" data-e-type=\"container\">\n\t\t\t\t\t<div class=\"e-con-inner\">\n\t\t<div class=\"elementor-element elementor-element-f7010d1 e-con-full e-flex e-con e-child\" data-id=\"f7010d1\" data-element_type=\"container\" data-e-type=\"container\">\n\t\t<div class=\"elementor-element elementor-element-faf9e30 e-flex e-con-boxed e-con e-child\" data-id=\"faf9e30\" data-element_type=\"container\" data-e-type=\"container\">\n\t\t\t\t\t<div class=\"e-con-inner\">\n\t\t\t\t<div class=\"elementor-element elementor-element-8f2f170 elementor-widget elementor-widget-heading\" data-id=\"8f2f170\" data-element_type=\"widget\" data-e-type=\"widget\" data-widget_type=\"heading.default\">\n\t\t\t\t<div class=\"elementor-widget-container\">\n\t\t\t\t\t<h2 class=\"elementor-heading-title elementor-size-default\">Bar &amp; Lounge<\/h2>\t\t\t\t<\/div>\n\t\t\t\t<\/div>\n\t\t\t\t<div class=\"elementor-element elementor-element-af36bfb elementor-widget elementor-widget-text-editor\" data-id=\"af36bfb\" data-element_type=\"widget\" data-e-type=\"widget\" data-widget_type=\"text-editor.default\">\n\t\t\t\t<div class=\"elementor-widget-container\">\n\t\t\t\t\t\t\t\t\t<p>Opustite se u na\u0161em intimnom lounge baru, gdje se lokalna \u017eestoka pi\u0107a, regionalna vina i stru\u010dno pripremljeni kokteli sljubljuju s malim zalogajima i opu\u0161tenom, obalnom atmosferom. Za savr\u0161eni po\u010detak ve\u010deri ili blagi zavr\u0161etak va\u0161eg dana na otoku.<\/p><p>\u00a0<\/p><p>Ovdje svako pi\u0107e pri\u010da pri\u010du &#8211; od biljnih nota dalmatinskog gina do svje\u017eeg bijelog vina iz obli\u017enjih vinograda. Sjednite, usporite i pustite da se ve\u010der odvija vlastitim oto\u010dnim tempom.<\/p>\t\t\t\t\t\t\t\t<\/div>\n\t\t\t\t<\/div>\n\t\t\t\t\t<\/div>\n\t\t\t\t<\/div>\n\t\t\t\t<\/div>\n\t\t<div class=\"elementor-element elementor-element-f79416e e-con-full e-flex e-con e-child\" data-id=\"f79416e\" data-element_type=\"container\" data-e-type=\"container\">\n\t\t\t\t<div class=\"elementor-element elementor-element-8c604c5 elementor-widget elementor-widget-image\" data-id=\"8c604c5\" data-element_type=\"widget\" data-e-type=\"widget\" data-widget_type=\"image.default\">\n\t\t\t\t<div class=\"elementor-widget-container\">\n\t\t\t\t\t\t\t\t\t\t\t\t\t\t\t<img decoding=\"async\" width=\"800\" height=\"1000\" src=\"https:\/\/hotelkali.hr\/wp-content\/uploads\/2026\/02\/IMG_7121-1-819x1024.png\" class=\"attachment-large size-large wp-image-2069\" alt=\"\" srcset=\"https:\/\/hotelkali.hr\/wp-content\/uploads\/2026\/02\/IMG_7121-1-819x1024.png 819w, https:\/\/hotelkali.hr\/wp-content\/uploads\/2026\/02\/IMG_7121-1-240x300.png 240w, https:\/\/hotelkali.hr\/wp-content\/uploads\/2026\/02\/IMG_7121-1-768x960.png 768w, https:\/\/hotelkali.hr\/wp-content\/uploads\/2026\/02\/IMG_7121-1-1229x1536.png 1229w, https:\/\/hotelkali.hr\/wp-content\/uploads\/2026\/02\/IMG_7121-1-1638x2048.png 1638w, https:\/\/hotelkali.hr\/wp-content\/uploads\/2026\/02\/IMG_7121-1.png 2000w\" sizes=\"(max-width: 800px) 100vw, 800px\" \/>\t\t\t\t\t\t\t\t\t\t\t\t\t\t\t<\/div>\n\t\t\t\t<\/div>\n\t\t\t\t<\/div>\n\t\t\t\t\t<\/div>\n\t\t\t\t<\/div>\n\t\t<div class=\"elementor-element elementor-element-eef5a4d e-flex e-con-boxed e-con e-parent\" data-id=\"eef5a4d\" data-element_type=\"container\" data-e-type=\"container\">\n\t\t\t\t\t<div class=\"e-con-inner\">\n\t\t<div class=\"elementor-element elementor-element-f846af7 e-con-full e-flex e-con e-child\" data-id=\"f846af7\" data-element_type=\"container\" data-e-type=\"container\">\n\t\t\t\t<div class=\"elementor-element elementor-element-65862ce elementor-widget elementor-widget-image\" data-id=\"65862ce\" data-element_type=\"widget\" data-e-type=\"widget\" data-widget_type=\"image.default\">\n\t\t\t\t<div class=\"elementor-widget-container\">\n\t\t\t\t\t\t\t\t\t\t\t\t\t\t\t<img loading=\"lazy\" decoding=\"async\" width=\"800\" height=\"1000\" src=\"https:\/\/hotelkali.hr\/wp-content\/uploads\/2026\/02\/IMG_7134-1-819x1024.png\" class=\"attachment-large size-large wp-image-2073\" alt=\"\" srcset=\"https:\/\/hotelkali.hr\/wp-content\/uploads\/2026\/02\/IMG_7134-1-819x1024.png 819w, https:\/\/hotelkali.hr\/wp-content\/uploads\/2026\/02\/IMG_7134-1-240x300.png 240w, https:\/\/hotelkali.hr\/wp-content\/uploads\/2026\/02\/IMG_7134-1-768x960.png 768w, https:\/\/hotelkali.hr\/wp-content\/uploads\/2026\/02\/IMG_7134-1-1229x1536.png 1229w, https:\/\/hotelkali.hr\/wp-content\/uploads\/2026\/02\/IMG_7134-1-1638x2048.png 1638w, https:\/\/hotelkali.hr\/wp-content\/uploads\/2026\/02\/IMG_7134-1.png 2000w\" sizes=\"(max-width: 800px) 100vw, 800px\" \/>\t\t\t\t\t\t\t\t\t\t\t\t\t\t\t<\/div>\n\t\t\t\t<\/div>\n\t\t\t\t<\/div>\n\t\t<div class=\"elementor-element elementor-element-e8b29ce e-con-full e-flex e-con e-child\" data-id=\"e8b29ce\" data-element_type=\"container\" data-e-type=\"container\">\n\t\t<div class=\"elementor-element elementor-element-59fa33a e-flex e-con-boxed e-con e-child\" data-id=\"59fa33a\" data-element_type=\"container\" data-e-type=\"container\">\n\t\t\t\t\t<div class=\"e-con-inner\">\n\t\t\t\t<div class=\"elementor-element elementor-element-1dd3195 elementor-widget elementor-widget-heading\" data-id=\"1dd3195\" data-element_type=\"widget\" data-e-type=\"widget\" data-widget_type=\"heading.default\">\n\t\t\t\t<div class=\"elementor-widget-container\">\n\t\t\t\t\t<h2 class=\"elementor-heading-title elementor-size-default\">Posebne prigode<\/h2>\t\t\t\t<\/div>\n\t\t\t\t<\/div>\n\t\t\t\t<div class=\"elementor-element elementor-element-1dccb8b elementor-widget elementor-widget-text-editor\" data-id=\"1dccb8b\" data-element_type=\"widget\" data-e-type=\"widget\" data-widget_type=\"text-editor.default\">\n\t\t\t\t<div class=\"elementor-widget-container\">\n\t\t\t\t\t\t\t\t\t<p>Organizirate li intimni doga\u0111aj, vjen\u010danje ili proslavu na Ugljanu? Na\u0161 tim nudi catering prilago\u0111en va\u0161em ukusu &#8211; bilo da se radi o ve\u010deri pod zvijezdama na moru, brunchu\u00a0 ili elegantnom prijemu.<\/p><p>\u00a0<\/p><p>Donosimo istu pa\u017enju, kreativnost i lokalni okus koji definiraju na\u0161 restoran, gdje god se va\u0161a prigoda odr\u017eava.<\/p>\t\t\t\t\t\t\t\t<\/div>\n\t\t\t\t<\/div>\n\t\t\t\t<div class=\"elementor-element elementor-element-79695c8 kali-link elementor-widget elementor-widget-heading\" data-id=\"79695c8\" data-element_type=\"widget\" data-e-type=\"widget\" data-widget_type=\"heading.default\">\n\t\t\t\t<div class=\"elementor-widget-container\">\n\t\t\t\t\t<div class=\"elementor-heading-title elementor-size-default\"><a href=\"https:\/\/hotelkali.hr\/hr\/eventi\/\">Eventi<\/a><\/div>\t\t\t\t<\/div>\n\t\t\t\t<\/div>\n\t\t\t\t\t<\/div>\n\t\t\t\t<\/div>\n\t\t\t\t<\/div>\n\t\t\t\t\t<\/div>\n\t\t\t\t<\/div>\n\t\t<div class=\"elementor-element elementor-element-b6230fd e-flex e-con-boxed e-con e-parent\" data-id=\"b6230fd\" data-element_type=\"container\" data-e-type=\"container\" data-settings=\"{&quot;background_background&quot;:&quot;classic&quot;}\">\n\t\t\t\t\t<div class=\"e-con-inner\">\n\t\t<div class=\"elementor-element elementor-element-1debb85 e-flex e-con-boxed e-con e-child\" data-id=\"1debb85\" data-element_type=\"container\" data-e-type=\"container\">\n\t\t\t\t\t<div class=\"e-con-inner\">\n\t\t\t\t<div class=\"elementor-element elementor-element-5cb5b42 elementor-widget elementor-widget-heading\" data-id=\"5cb5b42\" data-element_type=\"widget\" data-e-type=\"widget\" data-widget_type=\"heading.default\">\n\t\t\t\t<div class=\"elementor-widget-container\">\n\t\t\t\t\t<h2 class=\"elementor-heading-title elementor-size-default\">Rezervirajte svoj stol<\/h2>\t\t\t\t<\/div>\n\t\t\t\t<\/div>\n\t\t\t\t<div class=\"elementor-element elementor-element-c34d699 elementor-widget elementor-widget-text-editor\" data-id=\"c34d699\" data-element_type=\"widget\" data-e-type=\"widget\" data-widget_type=\"text-editor.default\">\n\t\t\t\t<div class=\"elementor-widget-container\">\n\t\t\t\t\t\t\t\t\t<p>U\u017eivajte u okusima Jadrana uz zalazak sunca.<\/p>\t\t\t\t\t\t\t\t<\/div>\n\t\t\t\t<\/div>\n\t\t\t\t<div class=\"elementor-element elementor-element-b486125 kali-link elementor-widget elementor-widget-heading\" data-id=\"b486125\" data-element_type=\"widget\" data-e-type=\"widget\" data-widget_type=\"heading.default\">\n\t\t\t\t<div class=\"elementor-widget-container\">\n\t\t\t\t\t<div class=\"elementor-heading-title elementor-size-default\"><a href=\"#elementor-action%3Aaction%3Dpopup%3Aopen%26settings%3DeyJpZCI6IjE0MDAiLCJ0b2dnbGUiOmZhbHNlfQ%3D%3D\">Kontaktirajte nas<\/a><\/div>\t\t\t\t<\/div>\n\t\t\t\t<\/div>\n\t\t\t\t\t<\/div>\n\t\t\t\t<\/div>\n\t\t\t\t\t<\/div>\n\t\t\t\t<\/div>\n\t\t\t\t<\/div>\n\t\t","protected":false},"excerpt":{"rendered":"<p>Restaurant &amp; Bar Flavors of the Adriatic\u2028Served with Soul The new restaurant within the Kali Hotel not only brings back to life the once iconic gathering place, but also strongly revives the rich culinary and cultural tradition of the town. Located directly opposite the church \u2013 the heart of many of the most important moments [&hellip;]<\/p>\n","protected":false},"author":1,"featured_media":0,"parent":0,"menu_order":0,"comment_status":"closed","ping_status":"closed","template":"","meta":{"footnotes":""},"class_list":["post-337","page","type-page","status-publish","hentry"],"yoast_head":"<!-- This site is optimized with the Yoast SEO plugin v26.9 - https:\/\/yoast.com\/product\/yoast-seo-wordpress\/ -->\n<title>Restaurant &amp; Bar<\/title>\n<meta name=\"robots\" content=\"index, follow, max-snippet:-1, max-image-preview:large, max-video-preview:-1\" \/>\n<meta property=\"og:locale\" content=\"hr_HR\" \/>\n<meta property=\"og:type\" content=\"article\" \/>\n<meta property=\"og:title\" content=\"Restaurant &amp; Bar\" \/>\n<meta property=\"og:url\" content=\"https:\/\/hotelkali.hr\/hr\/restoran\/\" \/>\n<meta property=\"og:site_name\" content=\"Hotel Kali\" \/>\n<meta property=\"article:modified_time\" content=\"2026-02-13T15:39:16+00:00\" \/>\n<meta property=\"og:image\" content=\"https:\/\/hotelkali.hr\/wp-content\/uploads\/2025\/05\/Hamburger.svg\" \/>\n<meta name=\"twitter:card\" content=\"summary_large_image\" \/>\n<meta name=\"twitter:label1\" content=\"Procijenjeno vrijeme \u010ditanja\" \/>\n\t<meta name=\"twitter:data1\" content=\"3 minute\" \/>\n<script type=\"application\/ld+json\" class=\"yoast-schema-graph\">{\"@context\":\"https:\/\/schema.org\",\"@graph\":[{\"@type\":\"WebPage\",\"@id\":\"https:\/\/hotelkali.hr\/hr\/restoran\/\",\"url\":\"https:\/\/hotelkali.hr\/hr\/restoran\/\",\"name\":\"Restaurant & Bar &#8211; Hotel Kali\",\"isPartOf\":{\"@id\":\"https:\/\/hotelkali.hr\/#website\"},\"primaryImageOfPage\":{\"@id\":\"https:\/\/hotelkali.hr\/hr\/restoran\/#primaryimage\"},\"image\":{\"@id\":\"https:\/\/hotelkali.hr\/hr\/restoran\/#primaryimage\"},\"thumbnailUrl\":\"https:\/\/hotelkali.hr\/wp-content\/uploads\/2025\/05\/Hamburger.svg\",\"datePublished\":\"2025-05-19T09:04:05+00:00\",\"dateModified\":\"2026-02-13T15:39:16+00:00\",\"description\":\"A special place is occupied by dishes that reinterpret local recipe heritage \u2013 rustic, yet thoughtful, with an emphasis on sustainability.\",\"breadcrumb\":{\"@id\":\"https:\/\/hotelkali.hr\/hr\/restoran\/#breadcrumb\"},\"inLanguage\":\"hr\",\"potentialAction\":[{\"@type\":\"ReadAction\",\"target\":[\"https:\/\/hotelkali.hr\/hr\/restoran\/\"]}]},{\"@type\":\"ImageObject\",\"inLanguage\":\"hr\",\"@id\":\"https:\/\/hotelkali.hr\/hr\/restoran\/#primaryimage\",\"url\":\"https:\/\/hotelkali.hr\/wp-content\/uploads\/2025\/05\/Hamburger.svg\",\"contentUrl\":\"https:\/\/hotelkali.hr\/wp-content\/uploads\/2025\/05\/Hamburger.svg\"},{\"@type\":\"BreadcrumbList\",\"@id\":\"https:\/\/hotelkali.hr\/hr\/restoran\/#breadcrumb\",\"itemListElement\":[{\"@type\":\"ListItem\",\"position\":1,\"name\":\"Naslovna\",\"item\":\"https:\/\/hotelkali.hr\/\"},{\"@type\":\"ListItem\",\"position\":2,\"name\":\"Restaurant & Bar\"}]},{\"@type\":\"WebSite\",\"@id\":\"https:\/\/hotelkali.hr\/hr\/#website\",\"url\":\"https:\/\/hotelkali.hr\/hr\/\",\"name\":\"Hotel Kali\",\"description\":\"Tamo gdje more \u0161apu\u0107e,\\r\\na vrijeme usporava\",\"publisher\":{\"@id\":\"https:\/\/hotelkali.hr\/hr\/#organization\"},\"potentialAction\":[{\"@type\":\"SearchAction\",\"target\":{\"@type\":\"EntryPoint\",\"urlTemplate\":\"https:\/\/hotelkali.hr\/hr\/?s={search_term_string}\"},\"query-input\":{\"@type\":\"PropertyValueSpecification\",\"valueRequired\":true,\"valueName\":\"search_term_string\"}}],\"inLanguage\":\"hr\"},{\"@type\":\"Organization\",\"@id\":\"https:\/\/hotelkali.hr\/hr\/#organization\",\"name\":\"Hotel Kali\",\"url\":\"https:\/\/hotelkali.hr\/hr\/\",\"logo\":{\"@type\":\"ImageObject\",\"inLanguage\":\"hr\",\"@id\":\"https:\/\/hotelkali.hr\/hr\/#\/schema\/logo\/image\/\",\"url\":\"https:\/\/hotelkali.hr\/wp-content\/uploads\/2025\/05\/kali-logo-full-black.webp\",\"contentUrl\":\"https:\/\/hotelkali.hr\/wp-content\/uploads\/2025\/05\/kali-logo-full-black.webp\",\"width\":300,\"height\":309,\"caption\":\"Hotel Kali\"},\"image\":{\"@id\":\"https:\/\/hotelkali.hr\/hr\/#\/schema\/logo\/image\/\"},\"sameAs\":[\"https:\/\/www.instagram.com\/hotel_kali_ugljan\/\"]}]}<\/script>\n<!-- \/ Yoast SEO plugin. -->","yoast_head_json":{"title":"Restaurant & Bar","robots":{"index":"index","follow":"follow","max-snippet":"max-snippet:-1","max-image-preview":"max-image-preview:large","max-video-preview":"max-video-preview:-1"},"og_locale":"hr_HR","og_type":"article","og_title":"Restaurant & Bar","og_url":"https:\/\/hotelkali.hr\/hr\/restoran\/","og_site_name":"Hotel Kali","article_modified_time":"2026-02-13T15:39:16+00:00","og_image":[{"url":"https:\/\/hotelkali.hr\/wp-content\/uploads\/2025\/05\/Hamburger.svg","type":"","width":"","height":""}],"twitter_card":"summary_large_image","twitter_misc":{"Procijenjeno vrijeme \u010ditanja":"3 minute"},"schema":{"@context":"https:\/\/schema.org","@graph":[{"@type":"WebPage","@id":"https:\/\/hotelkali.hr\/hr\/restoran\/","url":"https:\/\/hotelkali.hr\/hr\/restoran\/","name":"Restaurant & Bar &#8211; Hotel Kali","isPartOf":{"@id":"https:\/\/hotelkali.hr\/#website"},"primaryImageOfPage":{"@id":"https:\/\/hotelkali.hr\/hr\/restoran\/#primaryimage"},"image":{"@id":"https:\/\/hotelkali.hr\/hr\/restoran\/#primaryimage"},"thumbnailUrl":"https:\/\/hotelkali.hr\/wp-content\/uploads\/2025\/05\/Hamburger.svg","datePublished":"2025-05-19T09:04:05+00:00","dateModified":"2026-02-13T15:39:16+00:00","description":"A special place is occupied by dishes that reinterpret local recipe heritage \u2013 rustic, yet thoughtful, with an emphasis on sustainability.","breadcrumb":{"@id":"https:\/\/hotelkali.hr\/hr\/restoran\/#breadcrumb"},"inLanguage":"hr","potentialAction":[{"@type":"ReadAction","target":["https:\/\/hotelkali.hr\/hr\/restoran\/"]}]},{"@type":"ImageObject","inLanguage":"hr","@id":"https:\/\/hotelkali.hr\/hr\/restoran\/#primaryimage","url":"https:\/\/hotelkali.hr\/wp-content\/uploads\/2025\/05\/Hamburger.svg","contentUrl":"https:\/\/hotelkali.hr\/wp-content\/uploads\/2025\/05\/Hamburger.svg"},{"@type":"BreadcrumbList","@id":"https:\/\/hotelkali.hr\/hr\/restoran\/#breadcrumb","itemListElement":[{"@type":"ListItem","position":1,"name":"Naslovna","item":"https:\/\/hotelkali.hr\/"},{"@type":"ListItem","position":2,"name":"Restaurant & Bar"}]},{"@type":"WebSite","@id":"https:\/\/hotelkali.hr\/hr\/#website","url":"https:\/\/hotelkali.hr\/hr\/","name":"Hotel Kali","description":"Tamo gdje more \u0161apu\u0107e,\r\na vrijeme usporava","publisher":{"@id":"https:\/\/hotelkali.hr\/hr\/#organization"},"potentialAction":[{"@type":"SearchAction","target":{"@type":"EntryPoint","urlTemplate":"https:\/\/hotelkali.hr\/hr\/?s={search_term_string}"},"query-input":{"@type":"PropertyValueSpecification","valueRequired":true,"valueName":"search_term_string"}}],"inLanguage":"hr"},{"@type":"Organization","@id":"https:\/\/hotelkali.hr\/hr\/#organization","name":"Hotel Kali","url":"https:\/\/hotelkali.hr\/hr\/","logo":{"@type":"ImageObject","inLanguage":"hr","@id":"https:\/\/hotelkali.hr\/hr\/#\/schema\/logo\/image\/","url":"https:\/\/hotelkali.hr\/wp-content\/uploads\/2025\/05\/kali-logo-full-black.webp","contentUrl":"https:\/\/hotelkali.hr\/wp-content\/uploads\/2025\/05\/kali-logo-full-black.webp","width":300,"height":309,"caption":"Hotel Kali"},"image":{"@id":"https:\/\/hotelkali.hr\/hr\/#\/schema\/logo\/image\/"},"sameAs":["https:\/\/www.instagram.com\/hotel_kali_ugljan\/"]}]}},"_links":{"self":[{"href":"https:\/\/hotelkali.hr\/hr\/wp-json\/wp\/v2\/pages\/337","targetHints":{"allow":["GET"]}}],"collection":[{"href":"https:\/\/hotelkali.hr\/hr\/wp-json\/wp\/v2\/pages"}],"about":[{"href":"https:\/\/hotelkali.hr\/hr\/wp-json\/wp\/v2\/types\/page"}],"author":[{"embeddable":true,"href":"https:\/\/hotelkali.hr\/hr\/wp-json\/wp\/v2\/users\/1"}],"replies":[{"embeddable":true,"href":"https:\/\/hotelkali.hr\/hr\/wp-json\/wp\/v2\/comments?post=337"}],"version-history":[{"count":103,"href":"https:\/\/hotelkali.hr\/hr\/wp-json\/wp\/v2\/pages\/337\/revisions"}],"predecessor-version":[{"id":2086,"href":"https:\/\/hotelkali.hr\/hr\/wp-json\/wp\/v2\/pages\/337\/revisions\/2086"}],"wp:attachment":[{"href":"https:\/\/hotelkali.hr\/hr\/wp-json\/wp\/v2\/media?parent=337"}],"curies":[{"name":"wp","href":"https:\/\/api.w.org\/{rel}","templated":true}]}}